{"id":19112,"date":"2021-02-17T13:54:59","date_gmt":"2021-02-17T11:54:59","guid":{"rendered":"https:\/\/2ibi.com\/?page_id=19112"},"modified":"2021-06-22T12:34:47","modified_gmt":"2021-06-22T10:34:47","slug":"front-end-engineer","status":"publish","type":"page","link":"https:\/\/2ibi.com\/en\/jobs\/front-end-engineer\/","title":{"rendered":"Front-End Engineer"},"content":{"rendered":"\n<div class=\"wp-block-image\"><figure class=\"aligncenter size-large\"><img fetchpriority=\"high\" decoding=\"async\" width=\"750\" height=\"330\" src=\"https:\/\/2ibi.com\/wp-content\/uploads\/2021\/02\/Vaga_FRONT-END-ENGINEER.jpg\" alt=\"\" class=\"wp-image-19177\" srcset=\"https:\/\/2ibi.com\/wp-content\/uploads\/2021\/02\/Vaga_FRONT-END-ENGINEER.jpg 750w, https:\/\/2ibi.com\/wp-content\/uploads\/2021\/02\/Vaga_FRONT-END-ENGINEER-300x132.jpg 300w, https:\/\/2ibi.com\/wp-content\/uploads\/2021\/02\/Vaga_FRONT-END-ENGINEER-150x66.jpg 150w\" sizes=\"(max-width: 750px) 100vw, 750px\" \/><\/figure><\/div>\n\n\n\n<h1 class=\"wp-block-heading\">Front-End Engineer<\/h1>\n\n\n\n<p>A 2iBi software est\u00e1 a recrutar um Front-End Engineer (m\/f) para Mo\u00e7ambique.<\/p>\n\n\n\n<p><strong>Descri\u00e7\u00e3o<\/strong><\/p>\n\n\n\n<ul class=\"wp-block-list\"><li>A 2iBi software \u00e9 uma empresa tecnol\u00f3gica baseada em Mo\u00e7ambique, l\u00edder no desenvolvimento e utiliza\u00e7\u00e3o de ferramentas que ajudam as pessoas e organiza\u00e7\u00f5es a produzir e a colaborar em regime de teletrabalho.<\/li><li>Se \u00e9s o(a) Front-End Engineer que procuramos, \u00e9s uma pessoa que assume compromissos, cumpre objectivos, tens paix\u00e3o por aquilo que fazes, assumes as tuas responsabilidades, tens foco, \u00e9s disciplinado(a), comunicas sempre de forma positiva, tens orgulho no que fazes e vestes a camisola.<\/li><li>Tamb\u00e9m \u00e9s conhecido(a) por ser autodidacta, curioso(a), investigador(a), com mentalidade focada na resolu\u00e7\u00e3o de desafios<\/li><\/ul>\n\n\n\n<p><strong>Requisitos<\/strong><\/p>\n\n\n\n<ul class=\"wp-block-list\"><li>Conhecimentos s\u00f3lidos em Angular 2.X ou superior (ter aplica\u00e7\u00f5es desenvolvidas nesta tecnologia, constitui vantagem)<\/li><li>Linguagem TypeScript<\/li><li>Conhecimentos s\u00f3lidos em HTML5, CSS3 e JS<\/li><li>Conhecimento da arquitectura REST e servi\u00e7os RESTful no formato JSON<\/li><li>Integra\u00e7\u00f5es de APIs externas com aplica\u00e7\u00f5es Web desenvolvidas em Angular<\/li><li>No\u00e7\u00f5es b\u00e1sicas de pr\u00e9-processadores CSS como LESS<\/li><li>No\u00e7\u00f5es intermedi\u00e1rias de GIT e GITHUB<\/li><li>Conhecimentos b\u00e1sicos de SCRUM<\/li><li>(Opcional) Fluxo de seguran\u00e7a Web com JSON WEB TOKEN (JWT)<\/li><li>Autodidacta, Investigador, Apaixonado por tecnologia\/software com mentalidade focada na resolu\u00e7\u00e3o de desafios<\/li><\/ul>\n\n\n\n<p><strong>Benef\u00edcios<\/strong><\/p>\n\n\n\n<ul class=\"wp-block-list\"><li>Oportunidade para crescer como pessoa e profissional<\/li><li>Integra\u00e7\u00e3o numa equipa experiente, coesa e muito simp\u00e1tica!<\/li><li>Trabalhar em regime misto (teletrabalho e escrit\u00f3rio)<\/li><\/ul>\n\n\n\n<p><strong>Notas<\/strong><\/p>\n\n\n\n<ul class=\"wp-block-list\"><li>Apenas candidatos pr\u00e9-seleccionados ser\u00e3o contactados<\/li><li>A tua forma\u00e7\u00e3o acad\u00e9mica superior na \u00e1rea da Engenharia Inform\u00e1tica ou Tecnologias de Informa\u00e7\u00e3o, \u00e9 um requisito preferencial<\/li><\/ul>\n\n\n\n<p>Para se candidatar, ter\u00e1 de realizar <a href=\"https:\/\/github.com\/2iBi\/developer-challenge\" data-type=\"URL\" data-id=\"https:\/\/github.com\/2iBi\/developer-challenge\" target=\"_blank\" rel=\"noreferrer noopener\">este desafio<\/a>.<\/p>\n\n\n\n<div style=\"height:60px\" aria-hidden=\"true\" class=\"wp-block-spacer\"><\/div>\n\n\n\n<div class=\"wp-block-buttons is-layout-flex wp-block-buttons-is-layout-flex\">\n<div class=\"wp-block-button is-style-outline is-style-outline--1\"><a class=\"wp-block-button__link\" href=\"https:\/\/2ibi.com\/en\/jobs\/\" style=\"border-radius:50px\">&lt; Voltar \u00e0 p\u00e1gina anterior<\/a><\/div>\n<\/div>\n","protected":false},"excerpt":{"rendered":"<p>Front-End Engineer A 2iBi software est\u00e1 a recrutar um Front-End Engineer (m\/f) para Mo\u00e7ambique. Descri\u00e7\u00e3o A 2iBi software \u00e9 uma empresa tecnol\u00f3gica baseada em Mo\u00e7ambique, l\u00edder no desenvolvimento e utiliza\u00e7\u00e3o de ferramentas que ajudam as pessoas e organiza\u00e7\u00f5es a produzir e a colaborar em regime de teletrabalho. Se \u00e9s o(a) Front-End Engineer que procuramos, \u00e9s&#8230; <\/p>\n<div class=\"clear\"><\/div>\n<p><a href=\"https:\/\/2ibi.com\/en\/jobs\/front-end-engineer\/\" class=\"excerpt-read-more\">Read More \u2192<\/a><\/p>\n","protected":false},"author":6,"featured_media":0,"parent":19108,"menu_order":0,"comment_status":"closed","ping_status":"closed","template":"","meta":{"_seopress_robots_primary_cat":"","_seopress_titles_title":"","_seopress_titles_desc":"","_seopress_robots_index":"","footnotes":""},"class_list":["post-19112","page","type-page","status-publish","hentry"],"_links":{"self":[{"href":"https:\/\/2ibi.com\/en\/wp-json\/wp\/v2\/pages\/19112","targetHints":{"allow":["GET"]}}],"collection":[{"href":"https:\/\/2ibi.com\/en\/wp-json\/wp\/v2\/pages"}],"about":[{"href":"https:\/\/2ibi.com\/en\/wp-json\/wp\/v2\/types\/page"}],"author":[{"embeddable":true,"href":"https:\/\/2ibi.com\/en\/wp-json\/wp\/v2\/users\/6"}],"replies":[{"embeddable":true,"href":"https:\/\/2ibi.com\/en\/wp-json\/wp\/v2\/comments?post=19112"}],"version-history":[{"count":0,"href":"https:\/\/2ibi.com\/en\/wp-json\/wp\/v2\/pages\/19112\/revisions"}],"up":[{"embeddable":true,"href":"https:\/\/2ibi.com\/en\/wp-json\/wp\/v2\/pages\/19108"}],"wp:attachment":[{"href":"https:\/\/2ibi.com\/en\/wp-json\/wp\/v2\/media?parent=19112"}],"curies":[{"name":"wp","href":"https:\/\/api.w.org\/{rel}","templated":true}]}}