{"id":19117,"date":"2021-02-17T13:57:43","date_gmt":"2021-02-17T11:57:43","guid":{"rendered":"https:\/\/2ibi.com\/?page_id=19117"},"modified":"2021-06-22T12:34:51","modified_gmt":"2021-06-22T10:34:51","slug":"back-end-engineer","status":"publish","type":"page","link":"https:\/\/2ibi.com\/en\/jobs\/back-end-engineer\/","title":{"rendered":"Back-End Engineer"},"content":{"rendered":"\n<div class=\"wp-block-image\"><figure class=\"aligncenter size-large\"><img fetchpriority=\"high\" decoding=\"async\" width=\"750\" height=\"330\" src=\"https:\/\/2ibi.com\/wp-content\/uploads\/2021\/02\/Vaga_BACK-END-ENGINEER.jpg\" alt=\"\" class=\"wp-image-19179\" srcset=\"https:\/\/2ibi.com\/wp-content\/uploads\/2021\/02\/Vaga_BACK-END-ENGINEER.jpg 750w, https:\/\/2ibi.com\/wp-content\/uploads\/2021\/02\/Vaga_BACK-END-ENGINEER-300x132.jpg 300w, https:\/\/2ibi.com\/wp-content\/uploads\/2021\/02\/Vaga_BACK-END-ENGINEER-150x66.jpg 150w\" sizes=\"(max-width: 750px) 100vw, 750px\" \/><\/figure><\/div>\n\n\n\n<h1 class=\"wp-block-heading\">Back-End Engineer<\/h1>\n\n\n\n<p>Precisamos de um profissional de software com experi\u00eancia em desenvolvimento de APIs modernas com Java e que tenha viv\u00eancia em desenvolvimento de APIs RESTful com Sprint Boot.<\/p>\n\n\n\n<p><strong>Descri\u00e7\u00e3o<\/strong><\/p>\n\n\n\n<ul class=\"wp-block-list\"><li>A 2iBi software \u00e9 uma empresa tecnol\u00f3gica baseada em Mo\u00e7ambique, l\u00edder no desenvolvimento e utiliza\u00e7\u00e3o de ferramentas que ajudam as pessoas e organiza\u00e7\u00f5es a produzir e a colaborar em regime de teletrabalho.<\/li><li>Se \u00e9s o(a) Back-End Engineer que procuramos, \u00e9s uma pessoa que assume compromissos, cumpre objectivos, tens paix\u00e3o por aquilo que fazes, assumes as tuas responsabilidades, tens foco, \u00e9s disciplinado(a), comunicas sempre de forma positiva, tens orgulho no que fazes e vestes a camisola.<\/li><li>Tamb\u00e9m \u00e9s conhecido(a) por ser autodidacta, curioso(a), investigador(a), com mentalidade focada na resolu\u00e7\u00e3o de desafios<\/li><\/ul>\n\n\n\n<p><br><strong>Requisitos<\/strong><\/p>\n\n\n\n<ul class=\"wp-block-list\"><li>Conhecimentos s\u00f3lidos em programa\u00e7\u00e3o orientada a objetos;<\/li><li>Conhecimentos s\u00f3lidos em Java 8 ou superior (ter aplica\u00e7\u00f5es desenvolvidas nesta tecnologia constitui vantagem);<\/li><li>Conhecimento s\u00f3lidos em desenvolvimento de APIs com o Sprint Boot (ter APIs desenvolvidas nesta tecnologia constitui vantagem);<\/li><li>Conhecimentos s\u00f3lidos em JPA e Hibernate;<\/li><li>Conhecimentos na utiliza\u00e7\u00e3o do gerenciador de depend\u00eancias Maven;<\/li><li>Conhecimentos s\u00f3lidos em bancos de dados relacionais (MySQL, SQL SERVER);<\/li><li>Conhecimento da arquitetura REST e servi\u00e7os RESTful no formato JSON;<\/li><li>Conhecimentos na integra\u00e7\u00e3o de SDKs externas em APIs desenvolvidas;<\/li><li>No\u00e7\u00f5es intermedi\u00e1rias de GIT e GITHUB;<\/li><li>Conhecimentos b\u00e1sicos do SCRUM;<\/li><li>(Opcional) Fluxo de seguran\u00e7a Web com JSON WEB TOKEN (JWT);<\/li><li>Autodidata, Investigador, Apaixonado por tecnologia \/ software com mentalidade focada na resolu\u00e7\u00e3o de desafios.<\/li><\/ul>\n\n\n\n<p><br><strong>Benef\u00edcios<\/strong><\/p>\n\n\n\n<ul class=\"wp-block-list\"><li>Oportunidade para crescer como pessoa e profissional<\/li><li>Integra\u00e7\u00e3o numa equipa experiente, coesa e muito simp\u00e1tica!<\/li><li>Trabalhar em regime misto (teletrabalho e escrit\u00f3rio)<\/li><\/ul>\n\n\n\n<p><strong>Notas<\/strong><\/p>\n\n\n\n<ul class=\"wp-block-list\"><li>Apenas candidatos pr\u00e9-seleccionados ser\u00e3o contactados<\/li><li>A tua forma\u00e7\u00e3o acad\u00e9mica superior na \u00e1rea da Engenharia Inform\u00e1tica ou Tecnologias de Informa\u00e7\u00e3o, \u00e9 um requisito preferencial<\/li><\/ul>\n\n\n\n<p>Para se candidatar, ter\u00e1 de realizar <a rel=\"noreferrer noopener\" href=\"https:\/\/github.com\/2iBi\/backend-developer-challenge\" data-type=\"URL\" data-id=\"https:\/\/github.com\/2iBi\/backend-developer-challenge\" target=\"_blank\">este desafio<\/a>.<\/p>\n\n\n\n<div style=\"height:60px\" aria-hidden=\"true\" class=\"wp-block-spacer\"><\/div>\n\n\n\n<div class=\"wp-block-buttons is-layout-flex wp-block-buttons-is-layout-flex\">\n<div class=\"wp-block-button is-style-outline is-style-outline--1\"><a class=\"wp-block-button__link\" href=\"https:\/\/2ibi.com\/en\/jobs\/\" style=\"border-radius:50px\">&lt; Voltar \u00e0 p\u00e1gina anterior<\/a><\/div>\n<\/div>\n","protected":false},"excerpt":{"rendered":"<p>Back-End Engineer Precisamos de um profissional de software com experi\u00eancia em desenvolvimento de APIs modernas com Java e que tenha viv\u00eancia em desenvolvimento de APIs RESTful com Sprint Boot. Descri\u00e7\u00e3o A 2iBi software \u00e9 uma empresa tecnol\u00f3gica baseada em Mo\u00e7ambique, l\u00edder no desenvolvimento e utiliza\u00e7\u00e3o de ferramentas que ajudam as pessoas e organiza\u00e7\u00f5es a produzir&#8230; <\/p>\n<div class=\"clear\"><\/div>\n<p><a href=\"https:\/\/2ibi.com\/en\/jobs\/back-end-engineer\/\" class=\"excerpt-read-more\">Read More \u2192<\/a><\/p>\n","protected":false},"author":6,"featured_media":0,"parent":19108,"menu_order":0,"comment_status":"closed","ping_status":"closed","template":"","meta":{"_seopress_robots_primary_cat":"","_seopress_titles_title":"","_seopress_titles_desc":"","_seopress_robots_index":"","footnotes":""},"class_list":["post-19117","page","type-page","status-publish","hentry"],"_links":{"self":[{"href":"https:\/\/2ibi.com\/en\/wp-json\/wp\/v2\/pages\/19117","targetHints":{"allow":["GET"]}}],"collection":[{"href":"https:\/\/2ibi.com\/en\/wp-json\/wp\/v2\/pages"}],"about":[{"href":"https:\/\/2ibi.com\/en\/wp-json\/wp\/v2\/types\/page"}],"author":[{"embeddable":true,"href":"https:\/\/2ibi.com\/en\/wp-json\/wp\/v2\/users\/6"}],"replies":[{"embeddable":true,"href":"https:\/\/2ibi.com\/en\/wp-json\/wp\/v2\/comments?post=19117"}],"version-history":[{"count":0,"href":"https:\/\/2ibi.com\/en\/wp-json\/wp\/v2\/pages\/19117\/revisions"}],"up":[{"embeddable":true,"href":"https:\/\/2ibi.com\/en\/wp-json\/wp\/v2\/pages\/19108"}],"wp:attachment":[{"href":"https:\/\/2ibi.com\/en\/wp-json\/wp\/v2\/media?parent=19117"}],"curies":[{"name":"wp","href":"https:\/\/api.w.org\/{rel}","templated":true}]}}