{"id":20147,"date":"2021-04-16T11:02:34","date_gmt":"2021-04-16T09:02:34","guid":{"rendered":"https:\/\/2ibi.com\/?page_id=20147"},"modified":"2021-04-16T18:03:57","modified_gmt":"2021-04-16T16:03:57","slug":"c-developer","status":"publish","type":"page","link":"https:\/\/2ibi.com\/en\/jobs\/c-developer\/","title":{"rendered":"C# Developer"},"content":{"rendered":"\n<div class=\"wp-block-image\"><figure class=\"aligncenter size-large\"><img fetchpriority=\"high\" decoding=\"async\" width=\"750\" height=\"330\" src=\"https:\/\/2ibi.com\/wp-content\/uploads\/2021\/04\/Website_Vaga_Developer.png\" alt=\"\" class=\"wp-image-20150\" srcset=\"https:\/\/2ibi.com\/wp-content\/uploads\/2021\/04\/Website_Vaga_Developer.png 750w, https:\/\/2ibi.com\/wp-content\/uploads\/2021\/04\/Website_Vaga_Developer-300x132.png 300w, https:\/\/2ibi.com\/wp-content\/uploads\/2021\/04\/Website_Vaga_Developer-150x66.png 150w\" sizes=\"(max-width: 750px) 100vw, 750px\" \/><\/figure><\/div>\n\n\n\n<h1 class=\"wp-block-heading\">C# Developer<\/h1>\n\n\n\n<p>A 2iBi software est\u00e1 a recrutar um C# Developer(m\/f) com experi\u00eancia em desenvolvimento de aplica\u00e7\u00f5es com a linguagem C#.<strong><\/strong><\/p>\n\n\n\n<p><strong>Descri\u00e7\u00e3o<\/strong><\/p>\n\n\n\n<ul class=\"wp-block-list\"><li>A 2iBi software \u00e9 uma empresa tecnol\u00f3gica baseada em Mo\u00e7ambique, l\u00edder no desenvolvimento e utiliza\u00e7\u00e3o de ferramentas que ajudam as pessoas e organiza\u00e7\u00f5es a produzir e a colaborar em regime de teletrabalho.<\/li><li>Se \u00e9s o(a) C# Developer que procuramos, \u00e9s uma pessoa que assume compromissos, cumpre objectivos, tens paix\u00e3o por aquilo que fazes, assumes as tuas responsabilidades, tens foco, \u00e9s disciplinado(a), comunicas sempre de forma positiva, tens orgulho no que fazes e vestes a camisola.<\/li><li>Tamb\u00e9m \u00e9s conhecido(a) por ser autodidacta, curioso(a), investigador(a), com mentalidade focada na resolu\u00e7\u00e3o de desafios<\/li><\/ul>\n\n\n\n<p><strong>Requisitos<\/strong><strong><\/strong><\/p>\n\n\n\n<ul class=\"wp-block-list\"><li>Conhecimentos s\u00f3lidos em programa\u00e7\u00e3o orientada a objetos;<\/li><li>Conhecimentos s\u00f3lidos em C# (ter aplica\u00e7\u00f5es desenvolvidas nesta tecnologia constitui vantagem);<\/li><li>Conhecimentos b\u00e1sicos em desenvolvimento de aplica\u00e7\u00f5es C# para a plataforma .NET da Microsoft;<\/li><li>Conhecimentos s\u00f3lidos em bancos de dados relacionais (MySQL, SQL SERVER);<\/li><li>Conhecimento b\u00e1sicos da arquitetura REST e servi\u00e7os RESTful no formato JSON;<\/li><li>Conhecimentos na integra\u00e7\u00e3o de SDKs externas em aplica\u00e7\u00f5es C#;<\/li><li>No\u00e7\u00f5es intermedi\u00e1rias de GIT e GITHUB;<\/li><li>Conhecimentos b\u00e1sicos do SCRUM;<\/li><li>(Opcional) Conhecimento b\u00e1sicos em desenvolvimento de APIs com o C# (ter APIs desenvolvidas nesta tecnologia constitui vantagem);<\/li><li>Autodidata, Investigador, Apaixonado por tecnologia \/ software com mentalidade focada na resolu\u00e7\u00e3o de desafios.<\/li><\/ul>\n\n\n\n<p>Para te candidatares, deves resolver\u00a0<a rel=\"noreferrer noopener\" href=\"https:\/\/github.com\/2iBi\/csharp-developer-challenge\" data-type=\"URL\" data-id=\"https:\/\/github.com\/2iBi\/csharp-developer-challenge\" target=\"_blank\">este desafio<\/a>.<\/p>\n\n\n\n<div style=\"height:60px\" aria-hidden=\"true\" class=\"wp-block-spacer\"><\/div>\n\n\n\n<div class=\"wp-block-buttons is-layout-flex wp-block-buttons-is-layout-flex\">\n<div class=\"wp-block-button is-style-outline is-style-outline--1\"><a class=\"wp-block-button__link\" href=\"https:\/\/2ibi.com\/en\/jobs\/\" style=\"border-radius:50px\">&lt; Voltar \u00e0 p\u00e1gina anterior<\/a><\/div>\n<\/div>\n","protected":false},"excerpt":{"rendered":"<p>C# Developer A 2iBi software est\u00e1 a recrutar um C# Developer(m\/f) com experi\u00eancia em desenvolvimento de aplica\u00e7\u00f5es com a linguagem C#. Descri\u00e7\u00e3o A 2iBi software \u00e9 uma empresa tecnol\u00f3gica baseada em Mo\u00e7ambique, l\u00edder no desenvolvimento e utiliza\u00e7\u00e3o de ferramentas que ajudam as pessoas e organiza\u00e7\u00f5es a produzir e a colaborar em regime de teletrabalho. Se&#8230; <\/p>\n<div class=\"clear\"><\/div>\n<p><a href=\"https:\/\/2ibi.com\/en\/jobs\/c-developer\/\" class=\"excerpt-read-more\">Read More \u2192<\/a><\/p>\n","protected":false},"author":6,"featured_media":20150,"parent":19108,"menu_order":0,"comment_status":"closed","ping_status":"closed","template":"","meta":{"_seopress_robots_primary_cat":"","_seopress_titles_title":"","_seopress_titles_desc":"","_seopress_robots_index":"","footnotes":""},"class_list":["post-20147","page","type-page","status-publish","has-post-thumbnail","hentry"],"_links":{"self":[{"href":"https:\/\/2ibi.com\/en\/wp-json\/wp\/v2\/pages\/20147","targetHints":{"allow":["GET"]}}],"collection":[{"href":"https:\/\/2ibi.com\/en\/wp-json\/wp\/v2\/pages"}],"about":[{"href":"https:\/\/2ibi.com\/en\/wp-json\/wp\/v2\/types\/page"}],"author":[{"embeddable":true,"href":"https:\/\/2ibi.com\/en\/wp-json\/wp\/v2\/users\/6"}],"replies":[{"embeddable":true,"href":"https:\/\/2ibi.com\/en\/wp-json\/wp\/v2\/comments?post=20147"}],"version-history":[{"count":0,"href":"https:\/\/2ibi.com\/en\/wp-json\/wp\/v2\/pages\/20147\/revisions"}],"up":[{"embeddable":true,"href":"https:\/\/2ibi.com\/en\/wp-json\/wp\/v2\/pages\/19108"}],"wp:featuredmedia":[{"embeddable":true,"href":"https:\/\/2ibi.com\/en\/wp-json\/wp\/v2\/media\/20150"}],"wp:attachment":[{"href":"https:\/\/2ibi.com\/en\/wp-json\/wp\/v2\/media?parent=20147"}],"curies":[{"name":"wp","href":"https:\/\/api.w.org\/{rel}","templated":true}]}}