{"id":20477,"date":"2021-05-13T13:18:41","date_gmt":"2021-05-13T11:18:41","guid":{"rendered":"https:\/\/2ibi.com\/?page_id=20477"},"modified":"2023-02-14T13:26:53","modified_gmt":"2023-02-14T11:26:53","slug":"consultor-primavera-erp","status":"publish","type":"page","link":"https:\/\/2ibi.com\/en\/jobs\/consultor-primavera-erp\/","title":{"rendered":"Consultor Primavera ERP"},"content":{"rendered":"<div class=\"wp-block-image\">\n<figure class=\"aligncenter size-large\"><img fetchpriority=\"high\" decoding=\"async\" width=\"750\" height=\"330\" src=\"https:\/\/2ibi.com\/wp-content\/uploads\/2021\/05\/Vaga_ConsultorPrimaveraERP.png\" alt=\"\" class=\"wp-image-20479\" srcset=\"https:\/\/2ibi.com\/wp-content\/uploads\/2021\/05\/Vaga_ConsultorPrimaveraERP.png 750w, https:\/\/2ibi.com\/wp-content\/uploads\/2021\/05\/Vaga_ConsultorPrimaveraERP-300x132.png 300w, https:\/\/2ibi.com\/wp-content\/uploads\/2021\/05\/Vaga_ConsultorPrimaveraERP-150x66.png 150w\" sizes=\"(max-width: 750px) 100vw, 750px\" \/><\/figure>\n<\/div>\n\n\n<h1 class=\"wp-block-heading\">Consultor(a) Primavera ERP<\/h1>\n\n\n\n<p>A 2iBi software est\u00e1 a recrutar um Consultor(a) Primavera ERP (m\/f) para Mo\u00e7ambique.<\/p>\n\n\n\n<p><strong>Descri\u00e7\u00e3o<\/strong><strong><\/strong><\/p>\n\n\n\n<p>A 2iBi software \u00e9 uma empresa tecnol\u00f3gica baseada em Mo\u00e7ambique, l\u00edder no desenvolvimento e utiliza\u00e7\u00e3o de ferramentas que ajudam as pessoas e organiza\u00e7\u00f5es a produzir e a colaborar em regime de teletrabalho.<\/p>\n\n\n\n<p>A equipa da 2iBi \u00e9 especialista na implementa\u00e7\u00e3o e suporte de Software de Gest\u00e3o Empresarial, e tem o estatuto de Primavera Certified Partner.<\/p>\n\n\n\n<p>Se \u00e9s o(a) Consultor(a) Primavera que procuramos, \u00e9s uma pessoa que assume compromissos, cumpre objectivos, tens paix\u00e3o por aquilo que fazes, assumes as tuas responsabilidades, tens foco, \u00e9s disciplinado(a), comunicas sempre de forma positiva, tens orgulho no que fazes e vestes a camisola.<\/p>\n\n\n\n<p>Tamb\u00e9m \u00e9s conhecido(a) por ser autodidacta, curioso(a), investigador(a), com mentalidade focada na resolu\u00e7\u00e3o de desafios.<\/p>\n\n\n\n<p><strong>O(a) Consultor(a) PRIMAVERA ter\u00e1 as seguintes fun\u00e7\u00f5es:<\/strong><\/p>\n\n\n\n<ul class=\"wp-block-list\">\n<li>Planeamento de Projectos de Implementa\u00e7\u00e3o Primavera<\/li>\n\n\n\n<li>An\u00e1lise de necessidades de clientes<\/li>\n\n\n\n<li>Instala\u00e7\u00e3o, Implementa\u00e7\u00e3o e Configura\u00e7\u00e3o do ERP Primavera<\/li>\n\n\n\n<li>Desenho de Reporting com Crystal Reports e Office Extensions<\/li>\n\n\n\n<li>Forma\u00e7\u00e3o de Utilizadores do ERP Primavera<\/li>\n\n\n\n<li>Assist\u00eancia t\u00e9cnica a utilizadores do ERP Primavera<\/li>\n<\/ul>\n\n\n\n<p><strong>Compet\u00eancias Necess\u00e1rias:<\/strong><\/p>\n\n\n\n<ul class=\"wp-block-list\">\n<li>Instala\u00e7\u00e3o e configura\u00e7\u00e3o do ERP Primavera V9 e V10<\/li>\n\n\n\n<li>SQL Server<\/li>\n\n\n\n<li>No\u00e7\u00f5es de Gest\u00e3o, Contabilidade, Recursos Humanos, Imobilizado<\/li>\n<\/ul>\n\n\n\n<p><strong>Oferecemos:<\/strong><\/p>\n\n\n\n<ul class=\"wp-block-list\">\n<li>Oportunidade para crescer como pessoa e profissional;<\/li>\n\n\n\n<li>Integra\u00e7\u00e3o numa equipa experiente, coesa e muito simp\u00e1tica!<\/li>\n\n\n\n<li>Trabalhar em regime misto (teletrabalho e escrit\u00f3rio)<\/li>\n<\/ul>\n\n\n\n<p>A tua forma\u00e7\u00e3o acad\u00e9mica superior na \u00e1rea da Engenharia Inform\u00e1tica, Tecnologias de Informa\u00e7\u00e3o, Gest\u00e3o ou Contabilidade \u00e9 um requisito preferencial. Se \u00e9s quem procuramos, segue este link e responde ao question\u00e1rio: <a rel=\"noreferrer noopener\" href=\"https:\/\/forms.gle\/6s9My7JjAQkCxoV89\" target=\"_blank\"><a rel=\"noreferrer noopener\" href=\"https:\/\/forms.gle\/e77j7jFKV27tEgpC9\" target=\"_blank\">https:\/\/forms.gle\/e77j7jFKV27tEgpC9<\/a><\/a><\/p>\n\n\n\n<div style=\"height:60px\" aria-hidden=\"true\" class=\"wp-block-spacer\"><\/div>\n\n\n\n<div class=\"wp-block-buttons is-layout-flex wp-block-buttons-is-layout-flex\">\n<div class=\"wp-block-button is-style-outline is-style-outline--1\"><a class=\"wp-block-button__link wp-element-button\" href=\"https:\/\/2ibi.com\/en\/jobs\/\" style=\"border-radius:50px\">&lt; Voltar \u00e0 p\u00e1gina anterior<\/a><\/div>\n<\/div>\n","protected":false},"excerpt":{"rendered":"<p>Consultor(a) Primavera ERP A 2iBi software est\u00e1 a recrutar um Consultor(a) Primavera ERP (m\/f) para Mo\u00e7ambique. Descri\u00e7\u00e3o A 2iBi software \u00e9 uma empresa tecnol\u00f3gica baseada em Mo\u00e7ambique, l\u00edder no desenvolvimento e utiliza\u00e7\u00e3o de ferramentas que ajudam as pessoas e organiza\u00e7\u00f5es a produzir e a colaborar em regime de teletrabalho. A equipa da 2iBi \u00e9 especialista&#8230; <\/p>\n<div class=\"clear\"><\/div>\n<p><a href=\"https:\/\/2ibi.com\/en\/jobs\/consultor-primavera-erp\/\" class=\"excerpt-read-more\">Read More \u2192<\/a><\/p>\n","protected":false},"author":6,"featured_media":20479,"parent":19108,"menu_order":0,"comment_status":"closed","ping_status":"closed","template":"","meta":{"_seopress_robots_primary_cat":"","_seopress_titles_title":"","_seopress_titles_desc":"","_seopress_robots_index":"","footnotes":""},"class_list":["post-20477","page","type-page","status-publish","has-post-thumbnail","hentry"],"_links":{"self":[{"href":"https:\/\/2ibi.com\/en\/wp-json\/wp\/v2\/pages\/20477","targetHints":{"allow":["GET"]}}],"collection":[{"href":"https:\/\/2ibi.com\/en\/wp-json\/wp\/v2\/pages"}],"about":[{"href":"https:\/\/2ibi.com\/en\/wp-json\/wp\/v2\/types\/page"}],"author":[{"embeddable":true,"href":"https:\/\/2ibi.com\/en\/wp-json\/wp\/v2\/users\/6"}],"replies":[{"embeddable":true,"href":"https:\/\/2ibi.com\/en\/wp-json\/wp\/v2\/comments?post=20477"}],"version-history":[{"count":0,"href":"https:\/\/2ibi.com\/en\/wp-json\/wp\/v2\/pages\/20477\/revisions"}],"up":[{"embeddable":true,"href":"https:\/\/2ibi.com\/en\/wp-json\/wp\/v2\/pages\/19108"}],"wp:featuredmedia":[{"embeddable":true,"href":"https:\/\/2ibi.com\/en\/wp-json\/wp\/v2\/media\/20479"}],"wp:attachment":[{"href":"https:\/\/2ibi.com\/en\/wp-json\/wp\/v2\/media?parent=20477"}],"curies":[{"name":"wp","href":"https:\/\/api.w.org\/{rel}","templated":true}]}}