{"id":23129,"date":"2022-01-18T15:01:09","date_gmt":"2022-01-18T13:01:09","guid":{"rendered":"https:\/\/2ibi.com\/?page_id=23129"},"modified":"2022-01-18T15:03:08","modified_gmt":"2022-01-18T13:03:08","slug":"ui-ux-designer","status":"publish","type":"page","link":"https:\/\/2ibi.com\/en\/jobs\/ui-ux-designer\/","title":{"rendered":"UI\/UX Designer"},"content":{"rendered":"\n<div class=\"wp-block-image\"><figure class=\"aligncenter size-full\"><img fetchpriority=\"high\" decoding=\"async\" width=\"750\" height=\"330\" src=\"https:\/\/2ibi.com\/wp-content\/uploads\/2022\/01\/Vaga_Designer.jpg\" alt=\"vaga designer\" class=\"wp-image-23133\" srcset=\"https:\/\/2ibi.com\/wp-content\/uploads\/2022\/01\/Vaga_Designer.jpg 750w, https:\/\/2ibi.com\/wp-content\/uploads\/2022\/01\/Vaga_Designer-300x132.jpg 300w, https:\/\/2ibi.com\/wp-content\/uploads\/2022\/01\/Vaga_Designer-150x66.jpg 150w, https:\/\/2ibi.com\/wp-content\/uploads\/2022\/01\/Vaga_Designer-480x211.jpg 480w, https:\/\/2ibi.com\/wp-content\/uploads\/2022\/01\/Vaga_Designer-640x282.jpg 640w, https:\/\/2ibi.com\/wp-content\/uploads\/2022\/01\/Vaga_Designer-720x317.jpg 720w\" sizes=\"(max-width: 750px) 100vw, 750px\" \/><\/figure><\/div>\n\n\n\n<h1 class=\"wp-block-heading\">UI\/UX Designer<\/h1>\n\n\n\n<p>A 2iBi software est\u00e1 a recrutar um UI\/UX Designer(m\/f) com experi\u00eancia em desenvolvimento de Wireframes e fluxos de navega\u00e7\u00e3o de acordo com as necessidades do utilizador \/ cliente.<\/p>\n\n\n\n<p><strong>Descri\u00e7\u00e3o<\/strong><\/p>\n\n\n\n<ul class=\"wp-block-list\"><li>A 2iBi software \u00e9 uma empresa tecnol\u00f3gica baseada em Mo\u00e7ambique, l\u00edder no desenvolvimento e utiliza\u00e7\u00e3o de ferramentas que ajudam as pessoas e organiza\u00e7\u00f5es a produzir e a colaborar em regime de teletrabalho.<\/li><li>Se \u00e9s o(a) UI\/UX Designer que procuramos, \u00e9s uma pessoa que assume compromissos, cumpre objectivos, tens paix\u00e3o por aquilo que fazes, assumes as tuas responsabilidades, tens foco, \u00e9s disciplinado(a), comunicas sempre de forma positiva, tens orgulho no que fazes e vestes a camisola.<\/li><li>Tamb\u00e9m \u00e9s conhecido(a) por ser autodidacta, curioso(a), investigador(a), com mentalidade focada na resolu\u00e7\u00e3o de desafios.<\/li><\/ul>\n\n\n\n<p><strong>Requisitos<\/strong><\/p>\n\n\n\n<ul class=\"wp-block-list\"><li>Conhecimentos s\u00f3lidos em softwares de design (Por exemplo: UXPin, Balsamiq Mockup, Figma, InVision, outros);<\/li><li>Experi\u00eancia em design de intera\u00e7\u00e3o e arquitetura de informa\u00e7\u00e3o;<\/li><li>Conhecimento das melhores pr\u00e1ticas e tend\u00eancias em usabilidade, interfaces de usu\u00e1rio e design de produto;<\/li><li>Conhecimentos para identificar as necessidades do projeto e a sua materializa\u00e7\u00e3o em Wireframes de diferentes dimens\u00f5es (responsividade);<\/li><li>Conhecimentos em HTML5, CSS3 e JS;<\/li><li>No\u00e7\u00f5es b\u00e1sicas de GIT e GITHUB;<\/li><li>(Opcional) Conhecimentos b\u00e1sicos de metodologia SCRUM;<\/li><li>Autodidata, Investigador, Apaixonado por tecnologia \/ software com mentalidade focada na resolu\u00e7\u00e3o de desafios.<\/li><\/ul>\n\n\n\n<p><strong>Benef\u00edcios<\/strong><\/p>\n\n\n\n<ul class=\"wp-block-list\"><li>Oportunidade para crescer como pessoa e profissional<strong><\/strong><\/li><li>Integra\u00e7\u00e3o numa equipa experiente, coesa e muito simp\u00e1tica!<strong><\/strong><\/li><li>Trabalhar em regime misto (teletrabalho e escrit\u00f3rio)<strong><\/strong><\/li><\/ul>\n\n\n\n<p><strong>Notas<\/strong><\/p>\n\n\n\n<ul class=\"wp-block-list\"><li>Apenas candidatos pr\u00e9-seleccionados ser\u00e3o contactados<\/li><li>A tua forma\u00e7\u00e3o acad\u00e9mica superior na \u00e1rea da Engenharia Inform\u00e1tica ou Tecnologias de Informa\u00e7\u00e3o, \u00e9 um requisito preferencial<\/li><\/ul>\n\n\n\n<p>Para te candidatares, deves resolver&nbsp;<a href=\"https:\/\/github.com\/2iBi\/uiux-designer-challenge\">Este desafio<\/a>.<\/p>\n\n\n\n<div style=\"height:60px\" aria-hidden=\"true\" class=\"wp-block-spacer\"><\/div>\n\n\n\n<div class=\"wp-block-buttons is-layout-flex wp-block-buttons-is-layout-flex\">\n<div class=\"wp-block-button is-style-outline is-style-outline--1\"><a class=\"wp-block-button__link\" href=\"https:\/\/2ibi.com\/en\/jobs\/\" style=\"border-radius:50px\">&lt; Voltar \u00e0 p\u00e1gina anterior<\/a><\/div>\n<\/div>\n","protected":false},"excerpt":{"rendered":"<p>UI\/UX Designer A 2iBi software est\u00e1 a recrutar um UI\/UX Designer(m\/f) com experi\u00eancia em desenvolvimento de Wireframes e fluxos de navega\u00e7\u00e3o de acordo com as necessidades do utilizador \/ cliente. Descri\u00e7\u00e3o A 2iBi software \u00e9 uma empresa tecnol\u00f3gica baseada em Mo\u00e7ambique, l\u00edder no desenvolvimento e utiliza\u00e7\u00e3o de ferramentas que ajudam as pessoas e organiza\u00e7\u00f5es a&#8230; <\/p>\n<div class=\"clear\"><\/div>\n<p><a href=\"https:\/\/2ibi.com\/en\/jobs\/ui-ux-designer\/\" class=\"excerpt-read-more\">Read More \u2192<\/a><\/p>\n","protected":false},"author":6,"featured_media":0,"parent":19108,"menu_order":0,"comment_status":"closed","ping_status":"closed","template":"","meta":{"_seopress_robots_primary_cat":"","_seopress_titles_title":"","_seopress_titles_desc":"","_seopress_robots_index":"","footnotes":""},"class_list":["post-23129","page","type-page","status-publish","hentry"],"_links":{"self":[{"href":"https:\/\/2ibi.com\/en\/wp-json\/wp\/v2\/pages\/23129","targetHints":{"allow":["GET"]}}],"collection":[{"href":"https:\/\/2ibi.com\/en\/wp-json\/wp\/v2\/pages"}],"about":[{"href":"https:\/\/2ibi.com\/en\/wp-json\/wp\/v2\/types\/page"}],"author":[{"embeddable":true,"href":"https:\/\/2ibi.com\/en\/wp-json\/wp\/v2\/users\/6"}],"replies":[{"embeddable":true,"href":"https:\/\/2ibi.com\/en\/wp-json\/wp\/v2\/comments?post=23129"}],"version-history":[{"count":0,"href":"https:\/\/2ibi.com\/en\/wp-json\/wp\/v2\/pages\/23129\/revisions"}],"up":[{"embeddable":true,"href":"https:\/\/2ibi.com\/en\/wp-json\/wp\/v2\/pages\/19108"}],"wp:attachment":[{"href":"https:\/\/2ibi.com\/en\/wp-json\/wp\/v2\/media?parent=23129"}],"curies":[{"name":"wp","href":"https:\/\/api.w.org\/{rel}","templated":true}]}}